{"id":41,"date":"2021-06-10T16:05:01","date_gmt":"2021-06-10T16:05:01","guid":{"rendered":"http:\/\/localhost:8888\/lasirene\/homepage\/"},"modified":"2026-04-09T12:16:44","modified_gmt":"2026-04-09T12:16:44","slug":"homepage","status":"publish","type":"page","link":"https:\/\/sirenedelamer.com\/fr\/","title":{"rendered":"Homepage"},"content":{"rendered":"\n<p>homepage of La Sirene<\/p>\n","protected":false},"excerpt":{"rendered":"<p>homepage of La Sirene<\/p>\n","protected":false},"author":1,"featured_media":0,"parent":0,"menu_order":0,"comment_status":"closed","ping_status":"closed","template":"template-pages\/homepage.php","meta":{"_acf_changed":false,"footnotes":""},"class_list":["post-41","page","type-page","status-publish","hentry"],"acf":[],"yoast_head":"<!-- This site is optimized with the Yoast SEO plugin v23.9 - https:\/\/yoast.com\/wordpress\/plugins\/seo\/ -->\n<title>Restaurant Fruit de Mer Montreal, Cuisine Libanaise Montr\u00e9al<\/title>\n<meta name=\"description\" content=\"La Sir\u00e8ne de la Mer est un restaurant Libanais qui sert des poissons et des fruits de mer \u00e0 Montr\u00e9al, Canada. Autre que la mezze libanaise et les fruits de mer, notre poissonnerie est ouverte quotidiennement. Contactez-nous pour toutes r\u00e9servations.\" \/>\n<meta name=\"robots\" content=\"index, follow, max-snippet:-1, max-image-preview:large, max-video-preview:-1\" \/>\n<link rel=\"canonical\" href=\"https:\/\/sirenedelamer.com\/fr\/\" \/>\n<meta property=\"og:locale\" content=\"fr_FR\" \/>\n<meta property=\"og:type\" content=\"article\" \/>\n<meta property=\"og:title\" content=\"Restaurant Fruit de Mer Montreal, Cuisine Libanaise Montr\u00e9al\" \/>\n<meta property=\"og:description\" content=\"La Sir\u00e8ne de la Mer est un restaurant Libanais qui sert des poissons et des fruits de mer \u00e0 Montr\u00e9al, Canada. Autre que la mezze libanaise et les fruits de mer, notre poissonnerie est ouverte quotidiennement. Contactez-nous pour toutes r\u00e9servations.\" \/>\n<meta property=\"og:url\" content=\"https:\/\/sirenedelamer.com\/fr\/\" \/>\n<meta property=\"og:site_name\" content=\"La Sir\u00e8ne de la Mer\" \/>\n<meta property=\"article:publisher\" content=\"https:\/\/www.facebook.com\/lasirenedelamer\" \/>\n<meta property=\"article:modified_time\" content=\"2026-04-09T12:16:44+00:00\" \/>\n<meta name=\"twitter:card\" content=\"summary_large_image\" \/>\n<script type=\"application\/ld+json\" class=\"yoast-schema-graph\">{\"@context\":\"https:\/\/schema.org\",\"@graph\":[{\"@type\":\"WebPage\",\"@id\":\"https:\/\/sirenedelamer.com\/fr\/\",\"url\":\"https:\/\/sirenedelamer.com\/fr\/\",\"name\":\"Restaurant Fruit de Mer Montreal, Cuisine Libanaise Montr\u00e9al\",\"isPartOf\":{\"@id\":\"https:\/\/sirenedelamer.com\/fr\/#website\"},\"datePublished\":\"2021-06-10T16:05:01+00:00\",\"dateModified\":\"2026-04-09T12:16:44+00:00\",\"description\":\"La Sir\u00e8ne de la Mer est un restaurant Libanais qui sert des poissons et des fruits de mer \u00e0 Montr\u00e9al, Canada. Autre que la mezze libanaise et les fruits de mer, notre poissonnerie est ouverte quotidiennement. Contactez-nous pour toutes r\u00e9servations.\",\"breadcrumb\":{\"@id\":\"https:\/\/sirenedelamer.com\/fr\/#breadcrumb\"},\"inLanguage\":\"fr-FR\",\"potentialAction\":[{\"@type\":\"ReadAction\",\"target\":[\"https:\/\/sirenedelamer.com\/fr\/\"]}]},{\"@type\":\"BreadcrumbList\",\"@id\":\"https:\/\/sirenedelamer.com\/fr\/#breadcrumb\",\"itemListElement\":[{\"@type\":\"ListItem\",\"position\":1,\"name\":\"Home\",\"item\":\"https:\/\/sirenedelamer.com\/fr\/\"},{\"@type\":\"ListItem\",\"position\":2,\"name\":\"Homepage\"}]},{\"@type\":\"WebSite\",\"@id\":\"https:\/\/sirenedelamer.com\/fr\/#website\",\"url\":\"https:\/\/sirenedelamer.com\/fr\/\",\"name\":\"La Sir\u00e8ne de la Mer\",\"description\":\"Set sail for an unequalled gastronomic adventure.\",\"publisher\":{\"@id\":\"https:\/\/sirenedelamer.com\/fr\/#organization\"},\"potentialAction\":[{\"@type\":\"SearchAction\",\"target\":{\"@type\":\"EntryPoint\",\"urlTemplate\":\"https:\/\/sirenedelamer.com\/fr\/?s={search_term_string}\"},\"query-input\":{\"@type\":\"PropertyValueSpecification\",\"valueRequired\":true,\"valueName\":\"search_term_string\"}}],\"inLanguage\":\"fr-FR\"},{\"@type\":\"Organization\",\"@id\":\"https:\/\/sirenedelamer.com\/fr\/#organization\",\"name\":\"La Sir\u00e8ne de la Mer\",\"url\":\"https:\/\/sirenedelamer.com\/fr\/\",\"logo\":{\"@type\":\"ImageObject\",\"inLanguage\":\"fr-FR\",\"@id\":\"https:\/\/sirenedelamer.com\/fr\/#\/schema\/logo\/image\/\",\"url\":\"https:\/\/sirenedelamer.com\/wp-content\/uploads\/2024\/10\/lasirene-logo.webp\",\"contentUrl\":\"https:\/\/sirenedelamer.com\/wp-content\/uploads\/2024\/10\/lasirene-logo.webp\",\"width\":640,\"height\":218,\"caption\":\"La Sir\u00e8ne de la Mer\"},\"image\":{\"@id\":\"https:\/\/sirenedelamer.com\/fr\/#\/schema\/logo\/image\/\"},\"sameAs\":[\"https:\/\/www.facebook.com\/lasirenedelamer\",\"https:\/\/www.instagram.com\/restolasirene\/\"]}]}<\/script>\n<!-- \/ Yoast SEO plugin. -->","yoast_head_json":{"title":"Restaurant Fruit de Mer Montreal, Cuisine Libanaise Montr\u00e9al","description":"La Sir\u00e8ne de la Mer est un restaurant Libanais qui sert des poissons et des fruits de mer \u00e0 Montr\u00e9al, Canada. Autre que la mezze libanaise et les fruits de mer, notre poissonnerie est ouverte quotidiennement. Contactez-nous pour toutes r\u00e9servations.","robots":{"index":"index","follow":"follow","max-snippet":"max-snippet:-1","max-image-preview":"max-image-preview:large","max-video-preview":"max-video-preview:-1"},"canonical":"https:\/\/sirenedelamer.com\/fr\/","og_locale":"fr_FR","og_type":"article","og_title":"Restaurant Fruit de Mer Montreal, Cuisine Libanaise Montr\u00e9al","og_description":"La Sir\u00e8ne de la Mer est un restaurant Libanais qui sert des poissons et des fruits de mer \u00e0 Montr\u00e9al, Canada. Autre que la mezze libanaise et les fruits de mer, notre poissonnerie est ouverte quotidiennement. Contactez-nous pour toutes r\u00e9servations.","og_url":"https:\/\/sirenedelamer.com\/fr\/","og_site_name":"La Sir\u00e8ne de la Mer","article_publisher":"https:\/\/www.facebook.com\/lasirenedelamer","article_modified_time":"2026-04-09T12:16:44+00:00","twitter_card":"summary_large_image","schema":{"@context":"https:\/\/schema.org","@graph":[{"@type":"WebPage","@id":"https:\/\/sirenedelamer.com\/fr\/","url":"https:\/\/sirenedelamer.com\/fr\/","name":"Restaurant Fruit de Mer Montreal, Cuisine Libanaise Montr\u00e9al","isPartOf":{"@id":"https:\/\/sirenedelamer.com\/fr\/#website"},"datePublished":"2021-06-10T16:05:01+00:00","dateModified":"2026-04-09T12:16:44+00:00","description":"La Sir\u00e8ne de la Mer est un restaurant Libanais qui sert des poissons et des fruits de mer \u00e0 Montr\u00e9al, Canada. Autre que la mezze libanaise et les fruits de mer, notre poissonnerie est ouverte quotidiennement. Contactez-nous pour toutes r\u00e9servations.","breadcrumb":{"@id":"https:\/\/sirenedelamer.com\/fr\/#breadcrumb"},"inLanguage":"fr-FR","potentialAction":[{"@type":"ReadAction","target":["https:\/\/sirenedelamer.com\/fr\/"]}]},{"@type":"BreadcrumbList","@id":"https:\/\/sirenedelamer.com\/fr\/#breadcrumb","itemListElement":[{"@type":"ListItem","position":1,"name":"Home","item":"https:\/\/sirenedelamer.com\/fr\/"},{"@type":"ListItem","position":2,"name":"Homepage"}]},{"@type":"WebSite","@id":"https:\/\/sirenedelamer.com\/fr\/#website","url":"https:\/\/sirenedelamer.com\/fr\/","name":"La Sir\u00e8ne de la Mer","description":"Set sail for an unequalled gastronomic adventure.","publisher":{"@id":"https:\/\/sirenedelamer.com\/fr\/#organization"},"potentialAction":[{"@type":"SearchAction","target":{"@type":"EntryPoint","urlTemplate":"https:\/\/sirenedelamer.com\/fr\/?s={search_term_string}"},"query-input":{"@type":"PropertyValueSpecification","valueRequired":true,"valueName":"search_term_string"}}],"inLanguage":"fr-FR"},{"@type":"Organization","@id":"https:\/\/sirenedelamer.com\/fr\/#organization","name":"La Sir\u00e8ne de la Mer","url":"https:\/\/sirenedelamer.com\/fr\/","logo":{"@type":"ImageObject","inLanguage":"fr-FR","@id":"https:\/\/sirenedelamer.com\/fr\/#\/schema\/logo\/image\/","url":"https:\/\/sirenedelamer.com\/wp-content\/uploads\/2024\/10\/lasirene-logo.webp","contentUrl":"https:\/\/sirenedelamer.com\/wp-content\/uploads\/2024\/10\/lasirene-logo.webp","width":640,"height":218,"caption":"La Sir\u00e8ne de la Mer"},"image":{"@id":"https:\/\/sirenedelamer.com\/fr\/#\/schema\/logo\/image\/"},"sameAs":["https:\/\/www.facebook.com\/lasirenedelamer","https:\/\/www.instagram.com\/restolasirene\/"]}]}},"_links":{"self":[{"href":"https:\/\/sirenedelamer.com\/fr\/wp-json\/wp\/v2\/pages\/41"}],"collection":[{"href":"https:\/\/sirenedelamer.com\/fr\/wp-json\/wp\/v2\/pages"}],"about":[{"href":"https:\/\/sirenedelamer.com\/fr\/wp-json\/wp\/v2\/types\/page"}],"author":[{"embeddable":true,"href":"https:\/\/sirenedelamer.com\/fr\/wp-json\/wp\/v2\/users\/1"}],"replies":[{"embeddable":true,"href":"https:\/\/sirenedelamer.com\/fr\/wp-json\/wp\/v2\/comments?post=41"}],"version-history":[{"count":21,"href":"https:\/\/sirenedelamer.com\/fr\/wp-json\/wp\/v2\/pages\/41\/revisions"}],"predecessor-version":[{"id":665,"href":"https:\/\/sirenedelamer.com\/fr\/wp-json\/wp\/v2\/pages\/41\/revisions\/665"}],"wp:attachment":[{"href":"https:\/\/sirenedelamer.com\/fr\/wp-json\/wp\/v2\/media?parent=41"}],"curies":[{"name":"wp","href":"https:\/\/api.w.org\/{rel}","templated":true}]}}