{"id":225,"date":"2021-06-10T16:06:17","date_gmt":"2021-06-10T16:06:17","guid":{"rendered":"http:\/\/localhost:8888\/lasirene\/contact-us\/"},"modified":"2025-01-31T07:19:51","modified_gmt":"2025-01-31T07:19:51","slug":"reservations-resto-libanais-fruits-mer-montreal","status":"publish","type":"page","link":"https:\/\/sirenedelamer.com\/fr\/reservations-resto-libanais-fruits-mer-montreal\/","title":{"rendered":"R\u00e9servations"},"content":{"rendered":"","protected":false},"excerpt":{"rendered":"","protected":false},"author":1,"featured_media":0,"parent":0,"menu_order":0,"comment_status":"closed","ping_status":"closed","template":"template-pages\/contact.php","meta":{"_acf_changed":false,"footnotes":""},"class_list":["post-225","page","type-page","status-publish","hentry"],"acf":[],"yoast_head":"<!-- This site is optimized with the Yoast SEO plugin v23.9 - https:\/\/yoast.com\/wordpress\/plugins\/seo\/ -->\n<title>R\u00e9servations Resto Fruits de mer Montreal, Reservez resto libanais Montreal<\/title>\n<meta name=\"description\" content=\"La Sir\u00e8ne de la Mer est un restaurant Libanais offrant de la cuisine m\u00e9diterran\u00e9enne et des fruits de mer \u00e0 Montr\u00e9al. Contactez-nous pour toutes r\u00e9servations.\" \/>\n<meta name=\"robots\" content=\"index, follow, max-snippet:-1, max-image-preview:large, max-video-preview:-1\" \/>\n<link rel=\"canonical\" href=\"https:\/\/sirenedelamer.com\/fr\/reservations-resto-libanais-fruits-mer-montreal\/\" \/>\n<meta property=\"og:locale\" content=\"fr_FR\" \/>\n<meta property=\"og:type\" content=\"article\" \/>\n<meta property=\"og:title\" content=\"R\u00e9servations Resto Fruits de mer Montreal, Reservez resto libanais Montreal\" \/>\n<meta property=\"og:description\" content=\"La Sir\u00e8ne de la Mer est un restaurant Libanais offrant de la cuisine m\u00e9diterran\u00e9enne et des fruits de mer \u00e0 Montr\u00e9al. Contactez-nous pour toutes r\u00e9servations.\" \/>\n<meta property=\"og:url\" content=\"https:\/\/sirenedelamer.com\/fr\/reservations-resto-libanais-fruits-mer-montreal\/\" \/>\n<meta property=\"og:site_name\" content=\"La Sir\u00e8ne de la Mer\" \/>\n<meta property=\"article:publisher\" content=\"https:\/\/www.facebook.com\/lasirenedelamer\" \/>\n<meta property=\"article:modified_time\" content=\"2025-01-31T07:19:51+00:00\" \/>\n<meta name=\"twitter:card\" content=\"summary_large_image\" \/>\n<script type=\"application\/ld+json\" class=\"yoast-schema-graph\">{\"@context\":\"https:\/\/schema.org\",\"@graph\":[{\"@type\":\"WebPage\",\"@id\":\"https:\/\/sirenedelamer.com\/fr\/reservations-resto-libanais-fruits-mer-montreal\/\",\"url\":\"https:\/\/sirenedelamer.com\/fr\/reservations-resto-libanais-fruits-mer-montreal\/\",\"name\":\"R\u00e9servations Resto Fruits de mer Montreal, Reservez resto libanais Montreal\",\"isPartOf\":{\"@id\":\"https:\/\/sirenedelamer.com\/fr\/#website\"},\"datePublished\":\"2021-06-10T16:06:17+00:00\",\"dateModified\":\"2025-01-31T07:19:51+00:00\",\"description\":\"La Sir\u00e8ne de la Mer est un restaurant Libanais offrant de la cuisine m\u00e9diterran\u00e9enne et des fruits de mer \u00e0 Montr\u00e9al. Contactez-nous pour toutes r\u00e9servations.\",\"breadcrumb\":{\"@id\":\"https:\/\/sirenedelamer.com\/fr\/reservations-resto-libanais-fruits-mer-montreal\/#breadcrumb\"},\"inLanguage\":\"fr-FR\",\"potentialAction\":[{\"@type\":\"ReadAction\",\"target\":[\"https:\/\/sirenedelamer.com\/fr\/reservations-resto-libanais-fruits-mer-montreal\/\"]}]},{\"@type\":\"BreadcrumbList\",\"@id\":\"https:\/\/sirenedelamer.com\/fr\/reservations-resto-libanais-fruits-mer-montreal\/#breadcrumb\",\"itemListElement\":[{\"@type\":\"ListItem\",\"position\":1,\"name\":\"Home\",\"item\":\"https:\/\/sirenedelamer.com\/fr\/\"},{\"@type\":\"ListItem\",\"position\":2,\"name\":\"R\u00e9servations\"}]},{\"@type\":\"WebSite\",\"@id\":\"https:\/\/sirenedelamer.com\/fr\/#website\",\"url\":\"https:\/\/sirenedelamer.com\/fr\/\",\"name\":\"La Sir\u00e8ne de la Mer\",\"description\":\"Set sail for an unequalled gastronomic adventure.\",\"publisher\":{\"@id\":\"https:\/\/sirenedelamer.com\/fr\/#organization\"},\"potentialAction\":[{\"@type\":\"SearchAction\",\"target\":{\"@type\":\"EntryPoint\",\"urlTemplate\":\"https:\/\/sirenedelamer.com\/fr\/?s={search_term_string}\"},\"query-input\":{\"@type\":\"PropertyValueSpecification\",\"valueRequired\":true,\"valueName\":\"search_term_string\"}}],\"inLanguage\":\"fr-FR\"},{\"@type\":\"Organization\",\"@id\":\"https:\/\/sirenedelamer.com\/fr\/#organization\",\"name\":\"La Sir\u00e8ne de la Mer\",\"url\":\"https:\/\/sirenedelamer.com\/fr\/\",\"logo\":{\"@type\":\"ImageObject\",\"inLanguage\":\"fr-FR\",\"@id\":\"https:\/\/sirenedelamer.com\/fr\/#\/schema\/logo\/image\/\",\"url\":\"https:\/\/sirenedelamer.com\/wp-content\/uploads\/2024\/10\/lasirene-logo.webp\",\"contentUrl\":\"https:\/\/sirenedelamer.com\/wp-content\/uploads\/2024\/10\/lasirene-logo.webp\",\"width\":640,\"height\":218,\"caption\":\"La Sir\u00e8ne de la Mer\"},\"image\":{\"@id\":\"https:\/\/sirenedelamer.com\/fr\/#\/schema\/logo\/image\/\"},\"sameAs\":[\"https:\/\/www.facebook.com\/lasirenedelamer\",\"https:\/\/www.instagram.com\/restolasirene\/\"]}]}<\/script>\n<!-- \/ Yoast SEO plugin. -->","yoast_head_json":{"title":"R\u00e9servations Resto Fruits de mer Montreal, Reservez resto libanais Montreal","description":"La Sir\u00e8ne de la Mer est un restaurant Libanais offrant de la cuisine m\u00e9diterran\u00e9enne et des fruits de mer \u00e0 Montr\u00e9al. Contactez-nous pour toutes r\u00e9servations.","robots":{"index":"index","follow":"follow","max-snippet":"max-snippet:-1","max-image-preview":"max-image-preview:large","max-video-preview":"max-video-preview:-1"},"canonical":"https:\/\/sirenedelamer.com\/fr\/reservations-resto-libanais-fruits-mer-montreal\/","og_locale":"fr_FR","og_type":"article","og_title":"R\u00e9servations Resto Fruits de mer Montreal, Reservez resto libanais Montreal","og_description":"La Sir\u00e8ne de la Mer est un restaurant Libanais offrant de la cuisine m\u00e9diterran\u00e9enne et des fruits de mer \u00e0 Montr\u00e9al. Contactez-nous pour toutes r\u00e9servations.","og_url":"https:\/\/sirenedelamer.com\/fr\/reservations-resto-libanais-fruits-mer-montreal\/","og_site_name":"La Sir\u00e8ne de la Mer","article_publisher":"https:\/\/www.facebook.com\/lasirenedelamer","article_modified_time":"2025-01-31T07:19:51+00:00","twitter_card":"summary_large_image","schema":{"@context":"https:\/\/schema.org","@graph":[{"@type":"WebPage","@id":"https:\/\/sirenedelamer.com\/fr\/reservations-resto-libanais-fruits-mer-montreal\/","url":"https:\/\/sirenedelamer.com\/fr\/reservations-resto-libanais-fruits-mer-montreal\/","name":"R\u00e9servations Resto Fruits de mer Montreal, Reservez resto libanais Montreal","isPartOf":{"@id":"https:\/\/sirenedelamer.com\/fr\/#website"},"datePublished":"2021-06-10T16:06:17+00:00","dateModified":"2025-01-31T07:19:51+00:00","description":"La Sir\u00e8ne de la Mer est un restaurant Libanais offrant de la cuisine m\u00e9diterran\u00e9enne et des fruits de mer \u00e0 Montr\u00e9al. Contactez-nous pour toutes r\u00e9servations.","breadcrumb":{"@id":"https:\/\/sirenedelamer.com\/fr\/reservations-resto-libanais-fruits-mer-montreal\/#breadcrumb"},"inLanguage":"fr-FR","potentialAction":[{"@type":"ReadAction","target":["https:\/\/sirenedelamer.com\/fr\/reservations-resto-libanais-fruits-mer-montreal\/"]}]},{"@type":"BreadcrumbList","@id":"https:\/\/sirenedelamer.com\/fr\/reservations-resto-libanais-fruits-mer-montreal\/#breadcrumb","itemListElement":[{"@type":"ListItem","position":1,"name":"Home","item":"https:\/\/sirenedelamer.com\/fr\/"},{"@type":"ListItem","position":2,"name":"R\u00e9servations"}]},{"@type":"WebSite","@id":"https:\/\/sirenedelamer.com\/fr\/#website","url":"https:\/\/sirenedelamer.com\/fr\/","name":"La Sir\u00e8ne de la Mer","description":"Set sail for an unequalled gastronomic adventure.","publisher":{"@id":"https:\/\/sirenedelamer.com\/fr\/#organization"},"potentialAction":[{"@type":"SearchAction","target":{"@type":"EntryPoint","urlTemplate":"https:\/\/sirenedelamer.com\/fr\/?s={search_term_string}"},"query-input":{"@type":"PropertyValueSpecification","valueRequired":true,"valueName":"search_term_string"}}],"inLanguage":"fr-FR"},{"@type":"Organization","@id":"https:\/\/sirenedelamer.com\/fr\/#organization","name":"La Sir\u00e8ne de la Mer","url":"https:\/\/sirenedelamer.com\/fr\/","logo":{"@type":"ImageObject","inLanguage":"fr-FR","@id":"https:\/\/sirenedelamer.com\/fr\/#\/schema\/logo\/image\/","url":"https:\/\/sirenedelamer.com\/wp-content\/uploads\/2024\/10\/lasirene-logo.webp","contentUrl":"https:\/\/sirenedelamer.com\/wp-content\/uploads\/2024\/10\/lasirene-logo.webp","width":640,"height":218,"caption":"La Sir\u00e8ne de la Mer"},"image":{"@id":"https:\/\/sirenedelamer.com\/fr\/#\/schema\/logo\/image\/"},"sameAs":["https:\/\/www.facebook.com\/lasirenedelamer","https:\/\/www.instagram.com\/restolasirene\/"]}]}},"_links":{"self":[{"href":"https:\/\/sirenedelamer.com\/fr\/wp-json\/wp\/v2\/pages\/225"}],"collection":[{"href":"https:\/\/sirenedelamer.com\/fr\/wp-json\/wp\/v2\/pages"}],"about":[{"href":"https:\/\/sirenedelamer.com\/fr\/wp-json\/wp\/v2\/types\/page"}],"author":[{"embeddable":true,"href":"https:\/\/sirenedelamer.com\/fr\/wp-json\/wp\/v2\/users\/1"}],"replies":[{"embeddable":true,"href":"https:\/\/sirenedelamer.com\/fr\/wp-json\/wp\/v2\/comments?post=225"}],"version-history":[{"count":6,"href":"https:\/\/sirenedelamer.com\/fr\/wp-json\/wp\/v2\/pages\/225\/revisions"}],"predecessor-version":[{"id":424,"href":"https:\/\/sirenedelamer.com\/fr\/wp-json\/wp\/v2\/pages\/225\/revisions\/424"}],"wp:attachment":[{"href":"https:\/\/sirenedelamer.com\/fr\/wp-json\/wp\/v2\/media?parent=225"}],"curies":[{"name":"wp","href":"https:\/\/api.w.org\/{rel}","templated":true}]}}