{"id":222,"date":"2021-06-10T16:06:58","date_gmt":"2021-06-10T16:06:58","guid":{"rendered":"http:\/\/localhost:8888\/lasirene\/fish-market\/"},"modified":"2025-01-10T07:00:45","modified_gmt":"2025-01-10T07:00:45","slug":"restaurant-poissonnerie-montreal","status":"publish","type":"page","link":"https:\/\/sirenedelamer.com\/fr\/restaurant-poissonnerie-montreal\/","title":{"rendered":"Fish Market"},"content":{"rendered":"","protected":false},"excerpt":{"rendered":"","protected":false},"author":1,"featured_media":0,"parent":0,"menu_order":0,"comment_status":"closed","ping_status":"closed","template":"template-pages\/fish-market.php","meta":{"_acf_changed":false,"footnotes":""},"class_list":["post-222","page","type-page","status-publish","hentry"],"acf":[],"yoast_head":"<!-- This site is optimized with the Yoast SEO plugin v23.9 - https:\/\/yoast.com\/wordpress\/plugins\/seo\/ -->\n<title>Meilleure Poissonnerie Montr\u00e9al, March\u00e9 Poisson Montreal<\/title>\n<meta name=\"description\" content=\"La Sir\u00e8ne de la Mer est une poissonnerie qui vous offre une vari\u00e9t\u00e9 de poissons frais. Nous sommes ouverts quotidiennement.\" \/>\n<meta name=\"robots\" content=\"index, follow, max-snippet:-1, max-image-preview:large, max-video-preview:-1\" \/>\n<link rel=\"canonical\" href=\"https:\/\/sirenedelamer.com\/fr\/restaurant-poissonnerie-montreal\/\" \/>\n<meta property=\"og:locale\" content=\"fr_FR\" \/>\n<meta property=\"og:type\" content=\"article\" \/>\n<meta property=\"og:title\" content=\"Meilleure Poissonnerie Montr\u00e9al, March\u00e9 Poisson Montreal\" \/>\n<meta property=\"og:description\" content=\"La Sir\u00e8ne de la Mer est une poissonnerie qui vous offre une vari\u00e9t\u00e9 de poissons frais. Nous sommes ouverts quotidiennement.\" \/>\n<meta property=\"og:url\" content=\"https:\/\/sirenedelamer.com\/fr\/restaurant-poissonnerie-montreal\/\" \/>\n<meta property=\"og:site_name\" content=\"La Sir\u00e8ne de la Mer\" \/>\n<meta property=\"article:publisher\" content=\"https:\/\/www.facebook.com\/lasirenedelamer\" \/>\n<meta property=\"article:modified_time\" content=\"2025-01-10T07:00:45+00:00\" \/>\n<meta name=\"twitter:card\" content=\"summary_large_image\" \/>\n<script type=\"application\/ld+json\" class=\"yoast-schema-graph\">{\"@context\":\"https:\/\/schema.org\",\"@graph\":[{\"@type\":\"WebPage\",\"@id\":\"https:\/\/sirenedelamer.com\/fr\/restaurant-poissonnerie-montreal\/\",\"url\":\"https:\/\/sirenedelamer.com\/fr\/restaurant-poissonnerie-montreal\/\",\"name\":\"Meilleure Poissonnerie Montr\u00e9al, March\u00e9 Poisson Montreal\",\"isPartOf\":{\"@id\":\"https:\/\/sirenedelamer.com\/fr\/#website\"},\"datePublished\":\"2021-06-10T16:06:58+00:00\",\"dateModified\":\"2025-01-10T07:00:45+00:00\",\"description\":\"La Sir\u00e8ne de la Mer est une poissonnerie qui vous offre une vari\u00e9t\u00e9 de poissons frais. Nous sommes ouverts quotidiennement.\",\"breadcrumb\":{\"@id\":\"https:\/\/sirenedelamer.com\/fr\/restaurant-poissonnerie-montreal\/#breadcrumb\"},\"inLanguage\":\"fr-FR\",\"potentialAction\":[{\"@type\":\"ReadAction\",\"target\":[\"https:\/\/sirenedelamer.com\/fr\/restaurant-poissonnerie-montreal\/\"]}]},{\"@type\":\"BreadcrumbList\",\"@id\":\"https:\/\/sirenedelamer.com\/fr\/restaurant-poissonnerie-montreal\/#breadcrumb\",\"itemListElement\":[{\"@type\":\"ListItem\",\"position\":1,\"name\":\"Home\",\"item\":\"https:\/\/sirenedelamer.com\/fr\/\"},{\"@type\":\"ListItem\",\"position\":2,\"name\":\"Fish Market\"}]},{\"@type\":\"WebSite\",\"@id\":\"https:\/\/sirenedelamer.com\/fr\/#website\",\"url\":\"https:\/\/sirenedelamer.com\/fr\/\",\"name\":\"La Sir\u00e8ne de la Mer\",\"description\":\"Set sail for an unequalled gastronomic adventure.\",\"publisher\":{\"@id\":\"https:\/\/sirenedelamer.com\/fr\/#organization\"},\"potentialAction\":[{\"@type\":\"SearchAction\",\"target\":{\"@type\":\"EntryPoint\",\"urlTemplate\":\"https:\/\/sirenedelamer.com\/fr\/?s={search_term_string}\"},\"query-input\":{\"@type\":\"PropertyValueSpecification\",\"valueRequired\":true,\"valueName\":\"search_term_string\"}}],\"inLanguage\":\"fr-FR\"},{\"@type\":\"Organization\",\"@id\":\"https:\/\/sirenedelamer.com\/fr\/#organization\",\"name\":\"La Sir\u00e8ne de la Mer\",\"url\":\"https:\/\/sirenedelamer.com\/fr\/\",\"logo\":{\"@type\":\"ImageObject\",\"inLanguage\":\"fr-FR\",\"@id\":\"https:\/\/sirenedelamer.com\/fr\/#\/schema\/logo\/image\/\",\"url\":\"https:\/\/sirenedelamer.com\/wp-content\/uploads\/2024\/10\/lasirene-logo.webp\",\"contentUrl\":\"https:\/\/sirenedelamer.com\/wp-content\/uploads\/2024\/10\/lasirene-logo.webp\",\"width\":640,\"height\":218,\"caption\":\"La Sir\u00e8ne de la Mer\"},\"image\":{\"@id\":\"https:\/\/sirenedelamer.com\/fr\/#\/schema\/logo\/image\/\"},\"sameAs\":[\"https:\/\/www.facebook.com\/lasirenedelamer\",\"https:\/\/www.instagram.com\/restolasirene\/\"]}]}<\/script>\n<!-- \/ Yoast SEO plugin. -->","yoast_head_json":{"title":"Meilleure Poissonnerie Montr\u00e9al, March\u00e9 Poisson Montreal","description":"La Sir\u00e8ne de la Mer est une poissonnerie qui vous offre une vari\u00e9t\u00e9 de poissons frais. Nous sommes ouverts quotidiennement.","robots":{"index":"index","follow":"follow","max-snippet":"max-snippet:-1","max-image-preview":"max-image-preview:large","max-video-preview":"max-video-preview:-1"},"canonical":"https:\/\/sirenedelamer.com\/fr\/restaurant-poissonnerie-montreal\/","og_locale":"fr_FR","og_type":"article","og_title":"Meilleure Poissonnerie Montr\u00e9al, March\u00e9 Poisson Montreal","og_description":"La Sir\u00e8ne de la Mer est une poissonnerie qui vous offre une vari\u00e9t\u00e9 de poissons frais. Nous sommes ouverts quotidiennement.","og_url":"https:\/\/sirenedelamer.com\/fr\/restaurant-poissonnerie-montreal\/","og_site_name":"La Sir\u00e8ne de la Mer","article_publisher":"https:\/\/www.facebook.com\/lasirenedelamer","article_modified_time":"2025-01-10T07:00:45+00:00","twitter_card":"summary_large_image","schema":{"@context":"https:\/\/schema.org","@graph":[{"@type":"WebPage","@id":"https:\/\/sirenedelamer.com\/fr\/restaurant-poissonnerie-montreal\/","url":"https:\/\/sirenedelamer.com\/fr\/restaurant-poissonnerie-montreal\/","name":"Meilleure Poissonnerie Montr\u00e9al, March\u00e9 Poisson Montreal","isPartOf":{"@id":"https:\/\/sirenedelamer.com\/fr\/#website"},"datePublished":"2021-06-10T16:06:58+00:00","dateModified":"2025-01-10T07:00:45+00:00","description":"La Sir\u00e8ne de la Mer est une poissonnerie qui vous offre une vari\u00e9t\u00e9 de poissons frais. Nous sommes ouverts quotidiennement.","breadcrumb":{"@id":"https:\/\/sirenedelamer.com\/fr\/restaurant-poissonnerie-montreal\/#breadcrumb"},"inLanguage":"fr-FR","potentialAction":[{"@type":"ReadAction","target":["https:\/\/sirenedelamer.com\/fr\/restaurant-poissonnerie-montreal\/"]}]},{"@type":"BreadcrumbList","@id":"https:\/\/sirenedelamer.com\/fr\/restaurant-poissonnerie-montreal\/#breadcrumb","itemListElement":[{"@type":"ListItem","position":1,"name":"Home","item":"https:\/\/sirenedelamer.com\/fr\/"},{"@type":"ListItem","position":2,"name":"Fish Market"}]},{"@type":"WebSite","@id":"https:\/\/sirenedelamer.com\/fr\/#website","url":"https:\/\/sirenedelamer.com\/fr\/","name":"La Sir\u00e8ne de la Mer","description":"Set sail for an unequalled gastronomic adventure.","publisher":{"@id":"https:\/\/sirenedelamer.com\/fr\/#organization"},"potentialAction":[{"@type":"SearchAction","target":{"@type":"EntryPoint","urlTemplate":"https:\/\/sirenedelamer.com\/fr\/?s={search_term_string}"},"query-input":{"@type":"PropertyValueSpecification","valueRequired":true,"valueName":"search_term_string"}}],"inLanguage":"fr-FR"},{"@type":"Organization","@id":"https:\/\/sirenedelamer.com\/fr\/#organization","name":"La Sir\u00e8ne de la Mer","url":"https:\/\/sirenedelamer.com\/fr\/","logo":{"@type":"ImageObject","inLanguage":"fr-FR","@id":"https:\/\/sirenedelamer.com\/fr\/#\/schema\/logo\/image\/","url":"https:\/\/sirenedelamer.com\/wp-content\/uploads\/2024\/10\/lasirene-logo.webp","contentUrl":"https:\/\/sirenedelamer.com\/wp-content\/uploads\/2024\/10\/lasirene-logo.webp","width":640,"height":218,"caption":"La Sir\u00e8ne de la Mer"},"image":{"@id":"https:\/\/sirenedelamer.com\/fr\/#\/schema\/logo\/image\/"},"sameAs":["https:\/\/www.facebook.com\/lasirenedelamer","https:\/\/www.instagram.com\/restolasirene\/"]}]}},"_links":{"self":[{"href":"https:\/\/sirenedelamer.com\/fr\/wp-json\/wp\/v2\/pages\/222"}],"collection":[{"href":"https:\/\/sirenedelamer.com\/fr\/wp-json\/wp\/v2\/pages"}],"about":[{"href":"https:\/\/sirenedelamer.com\/fr\/wp-json\/wp\/v2\/types\/page"}],"author":[{"embeddable":true,"href":"https:\/\/sirenedelamer.com\/fr\/wp-json\/wp\/v2\/users\/1"}],"replies":[{"embeddable":true,"href":"https:\/\/sirenedelamer.com\/fr\/wp-json\/wp\/v2\/comments?post=222"}],"version-history":[{"count":2,"href":"https:\/\/sirenedelamer.com\/fr\/wp-json\/wp\/v2\/pages\/222\/revisions"}],"predecessor-version":[{"id":425,"href":"https:\/\/sirenedelamer.com\/fr\/wp-json\/wp\/v2\/pages\/222\/revisions\/425"}],"wp:attachment":[{"href":"https:\/\/sirenedelamer.com\/fr\/wp-json\/wp\/v2\/media?parent=222"}],"curies":[{"name":"wp","href":"https:\/\/api.w.org\/{rel}","templated":true}]}}